{"id":1373,"date":"2020-01-06T20:39:58","date_gmt":"2020-01-06T20:39:58","guid":{"rendered":"http:\/\/nelmar.shared2.leeroy.ca\/industries\/"},"modified":"2020-05-12T10:26:59","modified_gmt":"2020-05-12T15:26:59","slug":"industries","status":"publish","type":"page","link":"https:\/\/www.nelmar.com\/fr\/industries\/","title":{"rendered":"Industries"},"content":{"rendered":"","protected":false},"excerpt":{"rendered":"","protected":false},"author":1,"featured_media":0,"parent":0,"menu_order":0,"comment_status":"closed","ping_status":"closed","template":"tmpl-industries.php","meta":{"_acf_changed":false,"footnotes":""},"class_list":["post-1373","page","type-page","status-publish","hentry"],"acf":[],"yoast_head":"<!-- This site is optimized with the Yoast SEO plugin v25.1 - https:\/\/yoast.com\/wordpress\/plugins\/seo\/ -->\n<title>Industries | NELMAR Syst\u00e8mes d&#039;emballage s\u00e9curitaire<\/title>\n<meta name=\"description\" content=\"Notre emballage inviolable avanc\u00e9 est reconnu dans le monde entier pour prot\u00e9ger les actifs de nombreuses grandes banques et de nombreux autres secteurs.\" \/>\n<meta name=\"robots\" content=\"index, follow, max-snippet:-1, max-image-preview:large, max-video-preview:-1\" \/>\n<link rel=\"canonical\" href=\"https:\/\/www.nelmar.com\/fr\/industries\/\" \/>\n<meta property=\"og:locale\" content=\"fr_FR\" \/>\n<meta property=\"og:type\" content=\"article\" \/>\n<meta property=\"og:title\" content=\"Industries | NELMAR Syst\u00e8mes d&#039;emballage s\u00e9curitaire\" \/>\n<meta property=\"og:description\" content=\"Notre emballage inviolable avanc\u00e9 est reconnu dans le monde entier pour prot\u00e9ger les actifs de nombreuses grandes banques et de nombreux autres secteurs.\" \/>\n<meta property=\"og:url\" content=\"https:\/\/www.nelmar.com\/fr\/industries\/\" \/>\n<meta property=\"og:site_name\" content=\"NELMAR Security Packaging Systems\" \/>\n<meta property=\"article:publisher\" content=\"https:\/\/www.facebook.com\/NelmarSPS\/\" \/>\n<meta property=\"article:modified_time\" content=\"2020-05-12T15:26:59+00:00\" \/>\n<meta property=\"og:image\" content=\"https:\/\/nelmar.s3.us-east-2.amazonaws.com\/2020\/02\/Opengraph-nelmar-en.jpg\" \/>\n\t<meta property=\"og:image:width\" content=\"1200\" \/>\n\t<meta property=\"og:image:height\" content=\"630\" \/>\n\t<meta property=\"og:image:type\" content=\"image\/jpeg\" \/>\n<meta name=\"twitter:card\" content=\"summary_large_image\" \/>\n<meta name=\"twitter:site\" content=\"@nelmarsps\" \/>\n<script type=\"application\/ld+json\" class=\"yoast-schema-graph\">{\"@context\":\"https:\/\/schema.org\",\"@graph\":[{\"@type\":\"WebPage\",\"@id\":\"https:\/\/www.nelmar.com\/fr\/industries\/\",\"url\":\"https:\/\/www.nelmar.com\/fr\/industries\/\",\"name\":\"Industries | NELMAR Syst\u00e8mes d'emballage s\u00e9curitaire\",\"isPartOf\":{\"@id\":\"https:\/\/www.nelmar.com\/fr\/#website\"},\"datePublished\":\"2020-01-06T20:39:58+00:00\",\"dateModified\":\"2020-05-12T15:26:59+00:00\",\"description\":\"Notre emballage inviolable avanc\u00e9 est reconnu dans le monde entier pour prot\u00e9ger les actifs de nombreuses grandes banques et de nombreux autres secteurs.\",\"breadcrumb\":{\"@id\":\"https:\/\/www.nelmar.com\/fr\/industries\/#breadcrumb\"},\"inLanguage\":\"fr-FR\",\"potentialAction\":[{\"@type\":\"ReadAction\",\"target\":[\"https:\/\/www.nelmar.com\/fr\/industries\/\"]}]},{\"@type\":\"BreadcrumbList\",\"@id\":\"https:\/\/www.nelmar.com\/fr\/industries\/#breadcrumb\",\"itemListElement\":[{\"@type\":\"ListItem\",\"position\":1,\"name\":\"Home\",\"item\":\"https:\/\/www.nelmar.com\/fr\/\"},{\"@type\":\"ListItem\",\"position\":2,\"name\":\"Industries\"}]},{\"@type\":\"WebSite\",\"@id\":\"https:\/\/www.nelmar.com\/fr\/#website\",\"url\":\"https:\/\/www.nelmar.com\/fr\/\",\"name\":\"NELMAR Security Packaging Systems\",\"description\":\"\",\"potentialAction\":[{\"@type\":\"SearchAction\",\"target\":{\"@type\":\"EntryPoint\",\"urlTemplate\":\"https:\/\/www.nelmar.com\/fr\/?s={search_term_string}\"},\"query-input\":{\"@type\":\"PropertyValueSpecification\",\"valueRequired\":true,\"valueName\":\"search_term_string\"}}],\"inLanguage\":\"fr-FR\"}]}<\/script>\n<!-- \/ Yoast SEO plugin. -->","yoast_head_json":{"title":"Industries | NELMAR Syst\u00e8mes d'emballage s\u00e9curitaire","description":"Notre emballage inviolable avanc\u00e9 est reconnu dans le monde entier pour prot\u00e9ger les actifs de nombreuses grandes banques et de nombreux autres secteurs.","robots":{"index":"index","follow":"follow","max-snippet":"max-snippet:-1","max-image-preview":"max-image-preview:large","max-video-preview":"max-video-preview:-1"},"canonical":"https:\/\/www.nelmar.com\/fr\/industries\/","og_locale":"fr_FR","og_type":"article","og_title":"Industries | NELMAR Syst\u00e8mes d'emballage s\u00e9curitaire","og_description":"Notre emballage inviolable avanc\u00e9 est reconnu dans le monde entier pour prot\u00e9ger les actifs de nombreuses grandes banques et de nombreux autres secteurs.","og_url":"https:\/\/www.nelmar.com\/fr\/industries\/","og_site_name":"NELMAR Security Packaging Systems","article_publisher":"https:\/\/www.facebook.com\/NelmarSPS\/","article_modified_time":"2020-05-12T15:26:59+00:00","og_image":[{"width":1200,"height":630,"url":"https:\/\/nelmar.s3.us-east-2.amazonaws.com\/2020\/02\/Opengraph-nelmar-en.jpg","type":"image\/jpeg"}],"twitter_card":"summary_large_image","twitter_site":"@nelmarsps","schema":{"@context":"https:\/\/schema.org","@graph":[{"@type":"WebPage","@id":"https:\/\/www.nelmar.com\/fr\/industries\/","url":"https:\/\/www.nelmar.com\/fr\/industries\/","name":"Industries | NELMAR Syst\u00e8mes d'emballage s\u00e9curitaire","isPartOf":{"@id":"https:\/\/www.nelmar.com\/fr\/#website"},"datePublished":"2020-01-06T20:39:58+00:00","dateModified":"2020-05-12T15:26:59+00:00","description":"Notre emballage inviolable avanc\u00e9 est reconnu dans le monde entier pour prot\u00e9ger les actifs de nombreuses grandes banques et de nombreux autres secteurs.","breadcrumb":{"@id":"https:\/\/www.nelmar.com\/fr\/industries\/#breadcrumb"},"inLanguage":"fr-FR","potentialAction":[{"@type":"ReadAction","target":["https:\/\/www.nelmar.com\/fr\/industries\/"]}]},{"@type":"BreadcrumbList","@id":"https:\/\/www.nelmar.com\/fr\/industries\/#breadcrumb","itemListElement":[{"@type":"ListItem","position":1,"name":"Home","item":"https:\/\/www.nelmar.com\/fr\/"},{"@type":"ListItem","position":2,"name":"Industries"}]},{"@type":"WebSite","@id":"https:\/\/www.nelmar.com\/fr\/#website","url":"https:\/\/www.nelmar.com\/fr\/","name":"NELMAR Security Packaging Systems","description":"","potentialAction":[{"@type":"SearchAction","target":{"@type":"EntryPoint","urlTemplate":"https:\/\/www.nelmar.com\/fr\/?s={search_term_string}"},"query-input":{"@type":"PropertyValueSpecification","valueRequired":true,"valueName":"search_term_string"}}],"inLanguage":"fr-FR"}]}},"_links":{"self":[{"href":"https:\/\/www.nelmar.com\/fr\/wp-json\/wp\/v2\/pages\/1373","targetHints":{"allow":["GET"]}}],"collection":[{"href":"https:\/\/www.nelmar.com\/fr\/wp-json\/wp\/v2\/pages"}],"about":[{"href":"https:\/\/www.nelmar.com\/fr\/wp-json\/wp\/v2\/types\/page"}],"author":[{"embeddable":true,"href":"https:\/\/www.nelmar.com\/fr\/wp-json\/wp\/v2\/users\/1"}],"replies":[{"embeddable":true,"href":"https:\/\/www.nelmar.com\/fr\/wp-json\/wp\/v2\/comments?post=1373"}],"version-history":[{"count":1,"href":"https:\/\/www.nelmar.com\/fr\/wp-json\/wp\/v2\/pages\/1373\/revisions"}],"predecessor-version":[{"id":1478,"href":"https:\/\/www.nelmar.com\/fr\/wp-json\/wp\/v2\/pages\/1373\/revisions\/1478"}],"wp:attachment":[{"href":"https:\/\/www.nelmar.com\/fr\/wp-json\/wp\/v2\/media?parent=1373"}],"curies":[{"name":"wp","href":"https:\/\/api.w.org\/{rel}","templated":true}]}}